{"id":5899,"date":"2026-01-17T17:03:54","date_gmt":"2026-01-17T17:03:54","guid":{"rendered":"https:\/\/edumanagement.institute\/product\/excelenta-in-educatia-moderna-prin-inovatie-pedagogica\/"},"modified":"2026-01-17T17:32:30","modified_gmt":"2026-01-17T17:32:30","slug":"excelenta-in-educatia-moderna-prin-inovatie-pedagogica","status":"publish","type":"product","link":"https:\/\/edumanagement.institute\/ro\/produs\/excelenta-in-educatia-moderna-prin-inovatie-pedagogica\/","title":{"rendered":"Excelen\u021ba \u00een Educa\u021bia Modern\u0103 prin Inova\u021bie Pedagogic\u0103"},"content":{"rendered":"<p><strong>SCOPUL<\/strong> <strong>SIMPOZIONULUI:<\/strong><\/p>\n<p>Simpozionul Interna\u021bional \u201eExcellence in Modern Education through Pedagogical Innovation\/ <strong>Excelen\u021ba \u00een Educa\u021bia Modern\u0103 prin Inova\u021bie Pedagogic\u0103<\/strong>\/ \u041f\u0440\u0435\u0432\u044a\u0437\u0445\u043e\u0434\u0441\u0442\u0432\u043e \u0432 \u0441\u044a\u0432\u0440\u0435\u043c\u0435\u043d\u043d\u043e\u0442\u043e \u043e\u0431\u0440\u0430\u0437\u043e\u0432\u0430\u043d\u0438\u0435 \u0447\u0440\u0435\u0437 \u043f\u0435\u0434\u0430\u0433\u043e\u0433\u0438\u0447\u0435\u0441\u043a\u0438 \u0438\u043d\u043e\u0432\u0430\u0446\u0438\u0438\u201d are ca scop promovarea calit\u0103\u021bii, creativit\u0103\u021bii \u0219i performan\u021bei \u00een educa\u021bie prin valorificarea practicilor pedagogice inovatoare \u0219i a experien\u021belor educa\u021bionale relevante, dezvoltate \u00een contexte na\u021bionale \u0219i interna\u021bionale.<\/p>\n<p><strong>OBIECTIVELE SIMPOZIONULUI:<\/strong><\/p>\n<ol>\n<li>Promovarea excelen\u021bei \u00een educa\u021bie prin diseminarea strategiilor didactice moderne \u0219i a inova\u021biei pedagogice;<\/li>\n<li>Dezvoltarea competen\u021belor profesionale ale cadrelor didactice prin integrarea metodelor active, digitale \u0219i interdisciplinare;<\/li>\n<li>Valorizarea contribu\u021biilor academice \u0219i practice prin publicarea lucr\u0103rilor \u00een volumul simpozionului (cu ISSN).<\/li>\n<li>Crearea de parteneriate durabile \u00eentre institu\u021bii educa\u021bionale din Rom\u00e2nia, Moldova, Bulgaria \u0219i alte state europene.<\/li>\n<li>Consolidarea colabor\u0103rii interna\u021bionale \u00eentre institu\u021bii educa\u021bionale \u0219i profesioni\u0219ti din domeniul educa\u021biei.<\/li>\n<\/ol>\n<p><strong>TEMA:<\/strong><\/p>\n<p><strong>Inova\u021bia pedagogic\u0103 drept motor al excelen\u021bei educa\u021bionale \u00een \u0219coala contemporan\u0103<\/strong> \u2013 abord\u0103ri moderne, strategii didactice eficiente \u0219i bune practici care transform\u0103 procesul de predare-\u00eenv\u0103\u021bare \u00eentr-un demers relevant, adaptat nevoilor elevilor \u0219i provoc\u0103rilor secolului XXI.<\/p>\n<p><strong>PARTICIPAN\u021aI ELIGIBILI:<\/strong><\/p>\n<ul>\n<li>Cadre didactice din \u00eenv\u0103\u021b\u0103m\u00e2ntul preuniversitar \u0219i universitar (educatori, \u00eenv\u0103\u021b\u0103tori, profesori, lectori, profesori asisten\u021bi, profesori universitari).<\/li>\n<li>Personal didactic \u0219i administrativ din domeniul educa\u021bional (consilieri educa\u021bionali, inspectori \u0219colari, directori de unit\u0103\u021bi de \u00eenv\u0103\u021b\u0103m\u00e2nt, manageri academici) implica\u021bi \u00een dezvoltarea, implementarea \u0219i evaluarea strategiilor educa\u021bionale la nivel na\u021bional \u0219i interna\u021bional.<\/li>\n<\/ul>\n<p><strong>SEC\u021aIUNILE SIMPOZIONULUI<\/strong><\/p>\n<p>Structura Simpozionului este organizat\u0103 pe trei sec\u021biuni principale, menite s\u0103 sus\u021bin\u0103 diseminarea cercet\u0103rii academice, schimbul de bune practici \u0219i integrarea instrumentelor inovatoare \u00een educa\u021bia contemporan\u0103<\/p>\n<ol>\n<li><strong> Articole \u0219tiin\u021bifice<\/strong><\/li>\n<\/ol>\n<ul>\n<li>Lucr\u0103ri care analizeaz\u0103 modele educa\u021bionale, politici publice, strategii didactice \u0219i cercet\u0103ri interdisciplinare, cu accent pe inova\u021bie, colaborare transna\u021bional\u0103 \u0219i adaptarea educa\u021biei la provoc\u0103rile secolului XXI.<\/li>\n<\/ul>\n<ol start=\"2\">\n<li><strong> Proiecte educa\u021bionale \u0219i bune practici<\/strong><\/li>\n<\/ol>\n<ul>\n<li>Exemple de proiecte \u0219i bune practici de succes implementate \u00een contexte multiculturale.<\/li>\n<\/ul>\n<ol start=\"3\">\n<li><strong> Materiale didactice \u0219i instrumente educa\u021bionale digitale<\/strong><\/li>\n<\/ol>\n<ul>\n<li>Crearea \u0219i prezentarea de materiale didactice, fi\u0219e de lucru, chestionare interactive \u0219i instrumente de feedback inovatoare care sprijin\u0103 procesul de predare-\u00eenv\u0103\u021bare-evaluare, stimuleaz\u0103 g\u00e2ndirea critic\u0103 \u0219i creativitatea \u0219i faciliteaz\u0103 colaborarea \u00eentre profesori \u0219i elevi la nivel global.<\/li>\n<\/ul>\n","protected":false},"excerpt":{"rendered":"<p>Participarea la Simpozionul Interna\u021bional \u201e<strong>Excelen\u021ba \u00een Educa\u021bia Modern\u0103 prin Inova\u021bie Pedagogic\u0103<\/strong>\u201d<\/p>\n","protected":false},"featured_media":0,"comment_status":"open","ping_status":"closed","template":"","meta":[],"product_brand":[],"product_cat":[80],"product_tag":[],"class_list":{"0":"post-5899","1":"product","2":"type-product","3":"status-publish","5":"product_cat-evenimente-educationale","7":"first","8":"instock","9":"sold-individually","10":"taxable","11":"shipping-taxable","12":"product-type-variable"},"jetpack_sharing_enabled":true,"_links":{"self":[{"href":"https:\/\/edumanagement.institute\/ro\/wp-json\/wp\/v2\/product\/5899","targetHints":{"allow":["GET"]}}],"collection":[{"href":"https:\/\/edumanagement.institute\/ro\/wp-json\/wp\/v2\/product"}],"about":[{"href":"https:\/\/edumanagement.institute\/ro\/wp-json\/wp\/v2\/types\/product"}],"replies":[{"embeddable":true,"href":"https:\/\/edumanagement.institute\/ro\/wp-json\/wp\/v2\/comments?post=5899"}],"wp:attachment":[{"href":"https:\/\/edumanagement.institute\/ro\/wp-json\/wp\/v2\/media?parent=5899"}],"wp:term":[{"taxonomy":"product_brand","embeddable":true,"href":"https:\/\/edumanagement.institute\/ro\/wp-json\/wp\/v2\/product_brand?post=5899"},{"taxonomy":"product_cat","embeddable":true,"href":"https:\/\/edumanagement.institute\/ro\/wp-json\/wp\/v2\/product_cat?post=5899"},{"taxonomy":"product_tag","embeddable":true,"href":"https:\/\/edumanagement.institute\/ro\/wp-json\/wp\/v2\/product_tag?post=5899"}],"curies":[{"name":"wp","href":"https:\/\/api.w.org\/{rel}","templated":true}]}}